{"id":763,"date":"2018-05-29T10:33:19","date_gmt":"2018-05-29T08:33:19","guid":{"rendered":"https:\/\/www.motorrad-und-urlaub.at\/?page_id=763"},"modified":"2018-07-19T11:50:49","modified_gmt":"2018-07-19T09:50:49","slug":"skandinavien","status":"publish","type":"page","link":"https:\/\/www.motorrad-und-urlaub.at\/en\/skandinavien\/","title":{"rendered":"Scandinavia"},"content":{"rendered":"<div id=\"cs-content\" class=\"cs-content\"><\/div>","protected":false},"excerpt":{"rendered":"<p>Whether guided or unguided - the North Cape is probably the most exciting destination for every biker in Europe! Click here for our SKANDINAVIA tours North Cape North Cape Unguided tour through Denmark, Sweden, Finland and Norway North Cape - Self-drive group tour North Cape - Self-drive group tour North Cape XXL 00005North Cape XXL 00004North Cape XXL 00003North Cape XXL 00002North Cape XXL 00001North Cape Self-drive group tour GeirangerNorway, Sweden &amp; Finland 5,300 km in ... <\/p>\n<div><a href=\"https:\/\/www.motorrad-und-urlaub.at\/en\/motorradreisen-strasse\/nordkap-selbstfahrer-gruppen-reise\/\" class=\"more-link\">Read More<\/a><\/div>","protected":false},"author":1,"featured_media":167,"parent":0,"menu_order":0,"comment_status":"closed","ping_status":"closed","template":"","meta":{"_acf_changed":false,"footnotes":""},"class_list":["post-763","page","type-page","status-publish","has-post-thumbnail","hentry"],"acf":[],"yoast_head":"<!-- This site is optimized with the Yoast SEO plugin v25.4 - https:\/\/yoast.com\/wordpress\/plugins\/seo\/ -->\n<title>Skandinavien - Dein Urlaub mit Motorrad<\/title>\n<meta name=\"robots\" content=\"index, follow, max-snippet:-1, max-image-preview:large, max-video-preview:-1\" \/>\n<link rel=\"canonical\" href=\"https:\/\/www.motorrad-und-urlaub.at\/en\/skandinavien\/\" \/>\n<meta property=\"og:locale\" content=\"en_GB\" \/>\n<meta property=\"og:type\" content=\"article\" \/>\n<meta property=\"og:title\" content=\"Skandinavien - Dein Urlaub mit Motorrad\" \/>\n<meta property=\"og:description\" content=\"Ob gef\u00fchrt oder ungef\u00fchrt - das Nordkap ist das wohl aufregendste Ziel f\u00fcr jeden Biker in Europa!Hier geht&#039;s zu unseren SKANDINAVIEN Touren Nordkap Nordkap Ungef\u00fchrte Tour durch D\u00e4nemark, Schweden, Finnland und Norwegen Nordkap - Selbstfahrer Gruppen-Reise Nordkap - Selbstfahrer Gruppen-Reise Nordkapp XXL 00005Nordkapp XXL 00004Nordkapp XXL 00003Nordkapp XXL 00002Nordkapp XXL 00001Nordkap Selbstfahrer Gruppenreise GeirangerNorwegen, Schweden &amp; Finnland 5.300 km in ... Read More\" \/>\n<meta property=\"og:url\" content=\"https:\/\/www.motorrad-und-urlaub.at\/en\/skandinavien\/\" \/>\n<meta property=\"og:site_name\" content=\"Dein Urlaub mit Motorrad\" \/>\n<meta property=\"article:publisher\" content=\"https:\/\/www.facebook.com\/MotorradundUrlaub\/\" \/>\n<meta property=\"article:modified_time\" content=\"2018-07-19T09:50:49+00:00\" \/>\n<meta property=\"og:image\" content=\"https:\/\/www.motorrad-und-urlaub.at\/wp-content\/uploads\/2018\/05\/Nordkapp-XXL-00004.jpg\" \/>\n\t<meta property=\"og:image:width\" content=\"1200\" \/>\n\t<meta property=\"og:image:height\" content=\"798\" \/>\n\t<meta property=\"og:image:type\" content=\"image\/jpeg\" \/>\n<meta name=\"twitter:card\" content=\"summary_large_image\" \/>\n<script type=\"application\/ld+json\" class=\"yoast-schema-graph\">{\"@context\":\"https:\/\/schema.org\",\"@graph\":[{\"@type\":\"WebPage\",\"@id\":\"https:\/\/www.motorrad-und-urlaub.at\/skandinavien\/\",\"url\":\"https:\/\/www.motorrad-und-urlaub.at\/skandinavien\/\",\"name\":\"Skandinavien - Dein Urlaub mit Motorrad\",\"isPartOf\":{\"@id\":\"https:\/\/www.motorrad-und-urlaub.at\/#website\"},\"primaryImageOfPage\":{\"@id\":\"https:\/\/www.motorrad-und-urlaub.at\/skandinavien\/#primaryimage\"},\"image\":{\"@id\":\"https:\/\/www.motorrad-und-urlaub.at\/skandinavien\/#primaryimage\"},\"thumbnailUrl\":\"https:\/\/www.motorrad-und-urlaub.at\/wp-content\/uploads\/2018\/05\/Nordkapp-XXL-00004.jpg\",\"datePublished\":\"2018-05-29T08:33:19+00:00\",\"dateModified\":\"2018-07-19T09:50:49+00:00\",\"breadcrumb\":{\"@id\":\"https:\/\/www.motorrad-und-urlaub.at\/skandinavien\/#breadcrumb\"},\"inLanguage\":\"en-GB\",\"potentialAction\":[{\"@type\":\"ReadAction\",\"target\":[\"https:\/\/www.motorrad-und-urlaub.at\/skandinavien\/\"]}]},{\"@type\":\"ImageObject\",\"inLanguage\":\"en-GB\",\"@id\":\"https:\/\/www.motorrad-und-urlaub.at\/skandinavien\/#primaryimage\",\"url\":\"https:\/\/www.motorrad-und-urlaub.at\/wp-content\/uploads\/2018\/05\/Nordkapp-XXL-00004.jpg\",\"contentUrl\":\"https:\/\/www.motorrad-und-urlaub.at\/wp-content\/uploads\/2018\/05\/Nordkapp-XXL-00004.jpg\",\"width\":1200,\"height\":798,\"caption\":\"Nordkapp XXL 00004\"},{\"@type\":\"BreadcrumbList\",\"@id\":\"https:\/\/www.motorrad-und-urlaub.at\/skandinavien\/#breadcrumb\",\"itemListElement\":[{\"@type\":\"ListItem\",\"position\":1,\"name\":\"Startseite\",\"item\":\"https:\/\/www.motorrad-und-urlaub.at\/\"},{\"@type\":\"ListItem\",\"position\":2,\"name\":\"Skandinavien\"}]},{\"@type\":\"WebSite\",\"@id\":\"https:\/\/www.motorrad-und-urlaub.at\/#website\",\"url\":\"https:\/\/www.motorrad-und-urlaub.at\/\",\"name\":\"Motorrad und Urlaub\",\"description\":\"Dein Motorradurlaub - Reiseb\u00fcro\",\"publisher\":{\"@id\":\"https:\/\/www.motorrad-und-urlaub.at\/#organization\"},\"potentialAction\":[{\"@type\":\"SearchAction\",\"target\":{\"@type\":\"EntryPoint\",\"urlTemplate\":\"https:\/\/www.motorrad-und-urlaub.at\/?s={search_term_string}\"},\"query-input\":{\"@type\":\"PropertyValueSpecification\",\"valueRequired\":true,\"valueName\":\"search_term_string\"}}],\"inLanguage\":\"en-GB\"},{\"@type\":\"Organization\",\"@id\":\"https:\/\/www.motorrad-und-urlaub.at\/#organization\",\"name\":\"Motorrad und Urlaub\",\"url\":\"https:\/\/www.motorrad-und-urlaub.at\/\",\"logo\":{\"@type\":\"ImageObject\",\"inLanguage\":\"en-GB\",\"@id\":\"https:\/\/www.motorrad-und-urlaub.at\/#\/schema\/logo\/image\/\",\"url\":\"https:\/\/www.motorrad-und-urlaub.at\/wp-content\/uploads\/2018\/06\/Briefpapier-Dein_Motorrad-Reisebuero_Patrick.jpg\",\"contentUrl\":\"https:\/\/www.motorrad-und-urlaub.at\/wp-content\/uploads\/2018\/06\/Briefpapier-Dein_Motorrad-Reisebuero_Patrick.jpg\",\"width\":1200,\"height\":182,\"caption\":\"Motorrad und Urlaub\"},\"image\":{\"@id\":\"https:\/\/www.motorrad-und-urlaub.at\/#\/schema\/logo\/image\/\"},\"sameAs\":[\"https:\/\/www.facebook.com\/MotorradundUrlaub\/\",\"https:\/\/www.youtube.com\/channel\/UC6dgZqlIWRLGunB_LLKIfEQ\",\"https:\/\/www.instagram.com\/motorrad_und_urlaub\/\"]}]}<\/script>\n<!-- \/ Yoast SEO plugin. -->","yoast_head_json":{"title":"Skandinavien - Dein Urlaub mit Motorrad","robots":{"index":"index","follow":"follow","max-snippet":"max-snippet:-1","max-image-preview":"max-image-preview:large","max-video-preview":"max-video-preview:-1"},"canonical":"https:\/\/www.motorrad-und-urlaub.at\/en\/skandinavien\/","og_locale":"en_GB","og_type":"article","og_title":"Skandinavien - Dein Urlaub mit Motorrad","og_description":"Ob gef\u00fchrt oder ungef\u00fchrt - das Nordkap ist das wohl aufregendste Ziel f\u00fcr jeden Biker in Europa!Hier geht's zu unseren SKANDINAVIEN Touren Nordkap Nordkap Ungef\u00fchrte Tour durch D\u00e4nemark, Schweden, Finnland und Norwegen Nordkap - Selbstfahrer Gruppen-Reise Nordkap - Selbstfahrer Gruppen-Reise Nordkapp XXL 00005Nordkapp XXL 00004Nordkapp XXL 00003Nordkapp XXL 00002Nordkapp XXL 00001Nordkap Selbstfahrer Gruppenreise GeirangerNorwegen, Schweden & Finnland 5.300 km in ... Read More","og_url":"https:\/\/www.motorrad-und-urlaub.at\/en\/skandinavien\/","og_site_name":"Dein Urlaub mit Motorrad","article_publisher":"https:\/\/www.facebook.com\/MotorradundUrlaub\/","article_modified_time":"2018-07-19T09:50:49+00:00","og_image":[{"width":1200,"height":798,"url":"https:\/\/www.motorrad-und-urlaub.at\/wp-content\/uploads\/2018\/05\/Nordkapp-XXL-00004.jpg","type":"image\/jpeg"}],"twitter_card":"summary_large_image","schema":{"@context":"https:\/\/schema.org","@graph":[{"@type":"WebPage","@id":"https:\/\/www.motorrad-und-urlaub.at\/skandinavien\/","url":"https:\/\/www.motorrad-und-urlaub.at\/skandinavien\/","name":"Skandinavien - Dein Urlaub mit Motorrad","isPartOf":{"@id":"https:\/\/www.motorrad-und-urlaub.at\/#website"},"primaryImageOfPage":{"@id":"https:\/\/www.motorrad-und-urlaub.at\/skandinavien\/#primaryimage"},"image":{"@id":"https:\/\/www.motorrad-und-urlaub.at\/skandinavien\/#primaryimage"},"thumbnailUrl":"https:\/\/www.motorrad-und-urlaub.at\/wp-content\/uploads\/2018\/05\/Nordkapp-XXL-00004.jpg","datePublished":"2018-05-29T08:33:19+00:00","dateModified":"2018-07-19T09:50:49+00:00","breadcrumb":{"@id":"https:\/\/www.motorrad-und-urlaub.at\/skandinavien\/#breadcrumb"},"inLanguage":"en-GB","potentialAction":[{"@type":"ReadAction","target":["https:\/\/www.motorrad-und-urlaub.at\/skandinavien\/"]}]},{"@type":"ImageObject","inLanguage":"en-GB","@id":"https:\/\/www.motorrad-und-urlaub.at\/skandinavien\/#primaryimage","url":"https:\/\/www.motorrad-und-urlaub.at\/wp-content\/uploads\/2018\/05\/Nordkapp-XXL-00004.jpg","contentUrl":"https:\/\/www.motorrad-und-urlaub.at\/wp-content\/uploads\/2018\/05\/Nordkapp-XXL-00004.jpg","width":1200,"height":798,"caption":"Nordkapp XXL 00004"},{"@type":"BreadcrumbList","@id":"https:\/\/www.motorrad-und-urlaub.at\/skandinavien\/#breadcrumb","itemListElement":[{"@type":"ListItem","position":1,"name":"Startseite","item":"https:\/\/www.motorrad-und-urlaub.at\/"},{"@type":"ListItem","position":2,"name":"Skandinavien"}]},{"@type":"WebSite","@id":"https:\/\/www.motorrad-und-urlaub.at\/#website","url":"https:\/\/www.motorrad-und-urlaub.at\/","name":"Motorrad und Urlaub","description":"Dein Motorradurlaub - Reiseb\u00fcro","publisher":{"@id":"https:\/\/www.motorrad-und-urlaub.at\/#organization"},"potentialAction":[{"@type":"SearchAction","target":{"@type":"EntryPoint","urlTemplate":"https:\/\/www.motorrad-und-urlaub.at\/?s={search_term_string}"},"query-input":{"@type":"PropertyValueSpecification","valueRequired":true,"valueName":"search_term_string"}}],"inLanguage":"en-GB"},{"@type":"Organization","@id":"https:\/\/www.motorrad-und-urlaub.at\/#organization","name":"Motorrad und Urlaub","url":"https:\/\/www.motorrad-und-urlaub.at\/","logo":{"@type":"ImageObject","inLanguage":"en-GB","@id":"https:\/\/www.motorrad-und-urlaub.at\/#\/schema\/logo\/image\/","url":"https:\/\/www.motorrad-und-urlaub.at\/wp-content\/uploads\/2018\/06\/Briefpapier-Dein_Motorrad-Reisebuero_Patrick.jpg","contentUrl":"https:\/\/www.motorrad-und-urlaub.at\/wp-content\/uploads\/2018\/06\/Briefpapier-Dein_Motorrad-Reisebuero_Patrick.jpg","width":1200,"height":182,"caption":"Motorrad und Urlaub"},"image":{"@id":"https:\/\/www.motorrad-und-urlaub.at\/#\/schema\/logo\/image\/"},"sameAs":["https:\/\/www.facebook.com\/MotorradundUrlaub\/","https:\/\/www.youtube.com\/channel\/UC6dgZqlIWRLGunB_LLKIfEQ","https:\/\/www.instagram.com\/motorrad_und_urlaub\/"]}]}},"_links":{"self":[{"href":"https:\/\/www.motorrad-und-urlaub.at\/en\/wp-json\/wp\/v2\/pages\/763","targetHints":{"allow":["GET"]}}],"collection":[{"href":"https:\/\/www.motorrad-und-urlaub.at\/en\/wp-json\/wp\/v2\/pages"}],"about":[{"href":"https:\/\/www.motorrad-und-urlaub.at\/en\/wp-json\/wp\/v2\/types\/page"}],"author":[{"embeddable":true,"href":"https:\/\/www.motorrad-und-urlaub.at\/en\/wp-json\/wp\/v2\/users\/1"}],"replies":[{"embeddable":true,"href":"https:\/\/www.motorrad-und-urlaub.at\/en\/wp-json\/wp\/v2\/comments?post=763"}],"version-history":[{"count":2,"href":"https:\/\/www.motorrad-und-urlaub.at\/en\/wp-json\/wp\/v2\/pages\/763\/revisions"}],"predecessor-version":[{"id":765,"href":"https:\/\/www.motorrad-und-urlaub.at\/en\/wp-json\/wp\/v2\/pages\/763\/revisions\/765"}],"wp:featuredmedia":[{"embeddable":true,"href":"https:\/\/www.motorrad-und-urlaub.at\/en\/wp-json\/wp\/v2\/media\/167"}],"wp:attachment":[{"href":"https:\/\/www.motorrad-und-urlaub.at\/en\/wp-json\/wp\/v2\/media?parent=763"}],"curies":[{"name":"wp","href":"https:\/\/api.w.org\/{rel}","templated":true}]}}