{"id":753,"date":"2018-05-29T10:08:09","date_gmt":"2018-05-29T08:08:09","guid":{"rendered":"https:\/\/www.motorrad-und-urlaub.at\/?page_id=753"},"modified":"2023-01-05T10:05:52","modified_gmt":"2023-01-05T09:05:52","slug":"kroatien","status":"publish","type":"page","link":"https:\/\/www.motorrad-und-urlaub.at\/en\/kroatien\/","title":{"rendered":"Croatia"},"content":{"rendered":"<div id=\"cs-content\" class=\"cs-content\"><\/div>","protected":false},"excerpt":{"rendered":"<p>Hier geht&#8217;s zu unseren KROATIEN Touren Perle der Adria Perle der Adria Gef\u00fchrte Motorrad-Tour f\u00fcr alle Marken und Modelle Training on Tour &#8211; Kroatien Training on Tour &#8211; Kroatien Motorradfahren in Kroatien und auf einer der sch\u00f6nsten K\u00fcstenstra\u00dfen mit ausgebildeten Fahrtechniktrainern Deluxe Kreuzfahrt auf 2 R\u00e4dern Deluxe Kreuzfahrt auf 2 R\u00e4dern Erlebe eine einzigartige Motorradreise durch Kroatien: die Deluxe Kreuzfahrt &#8230; <\/p>\n<div><a href=\"https:\/\/www.motorrad-und-urlaub.at\/en\/motorradreisen-strasse\/kroatien\/an-die-adria-reise-enduros\/\" class=\"more-link\">Read More<\/a><\/div>","protected":false},"author":1,"featured_media":83,"parent":0,"menu_order":0,"comment_status":"closed","ping_status":"closed","template":"","meta":{"_acf_changed":false,"footnotes":""},"class_list":["post-753","page","type-page","status-publish","has-post-thumbnail","hentry"],"acf":[],"yoast_head":"<!-- This site is optimized with the Yoast SEO plugin v25.4 - https:\/\/yoast.com\/wordpress\/plugins\/seo\/ -->\n<title>Kroatien - Motorradtouren durch das Land der 1000 Inseln<\/title>\n<meta name=\"description\" content=\"Motorradreisen nach Kroatien sind etwas ganz Besonderes. Hier findest du unsere exclusiven Touren in dieses einmalige Motorrad-Land.\" \/>\n<meta name=\"robots\" content=\"index, follow, max-snippet:-1, max-image-preview:large, max-video-preview:-1\" \/>\n<link rel=\"canonical\" href=\"https:\/\/www.motorrad-und-urlaub.at\/en\/kroatien\/\" \/>\n<meta property=\"og:locale\" content=\"en_GB\" \/>\n<meta property=\"og:type\" content=\"article\" \/>\n<meta property=\"og:title\" content=\"Kroatien - Motorradtouren durch das Land der 1000 Inseln\" \/>\n<meta property=\"og:description\" content=\"Motorradreisen nach Kroatien sind etwas ganz Besonderes. Hier findest du unsere exclusiven Touren in dieses einmalige Motorrad-Land.\" \/>\n<meta property=\"og:url\" content=\"https:\/\/www.motorrad-und-urlaub.at\/en\/kroatien\/\" \/>\n<meta property=\"og:site_name\" content=\"Dein Urlaub mit Motorrad\" \/>\n<meta property=\"article:publisher\" content=\"https:\/\/www.facebook.com\/MotorradundUrlaub\/\" \/>\n<meta property=\"article:modified_time\" content=\"2023-01-05T09:05:52+00:00\" \/>\n<meta property=\"og:image\" content=\"https:\/\/www.motorrad-und-urlaub.at\/wp-content\/uploads\/2018\/05\/Kroatien-Kurztour-00003.jpg\" \/>\n\t<meta property=\"og:image:width\" content=\"640\" \/>\n\t<meta property=\"og:image:height\" content=\"427\" \/>\n\t<meta property=\"og:image:type\" content=\"image\/jpeg\" \/>\n<meta name=\"twitter:card\" content=\"summary_large_image\" \/>\n<script type=\"application\/ld+json\" class=\"yoast-schema-graph\">{\"@context\":\"https:\/\/schema.org\",\"@graph\":[{\"@type\":\"WebPage\",\"@id\":\"https:\/\/www.motorrad-und-urlaub.at\/kroatien\/\",\"url\":\"https:\/\/www.motorrad-und-urlaub.at\/kroatien\/\",\"name\":\"Kroatien - Motorradtouren durch das Land der 1000 Inseln\",\"isPartOf\":{\"@id\":\"https:\/\/www.motorrad-und-urlaub.at\/#website\"},\"primaryImageOfPage\":{\"@id\":\"https:\/\/www.motorrad-und-urlaub.at\/kroatien\/#primaryimage\"},\"image\":{\"@id\":\"https:\/\/www.motorrad-und-urlaub.at\/kroatien\/#primaryimage\"},\"thumbnailUrl\":\"https:\/\/www.motorrad-und-urlaub.at\/wp-content\/uploads\/2018\/05\/Kroatien-Kurztour-00003.jpg\",\"datePublished\":\"2018-05-29T08:08:09+00:00\",\"dateModified\":\"2023-01-05T09:05:52+00:00\",\"description\":\"Motorradreisen nach Kroatien sind etwas ganz Besonderes. Hier findest du unsere exclusiven Touren in dieses einmalige Motorrad-Land.\",\"breadcrumb\":{\"@id\":\"https:\/\/www.motorrad-und-urlaub.at\/kroatien\/#breadcrumb\"},\"inLanguage\":\"en-GB\",\"potentialAction\":[{\"@type\":\"ReadAction\",\"target\":[\"https:\/\/www.motorrad-und-urlaub.at\/kroatien\/\"]}]},{\"@type\":\"ImageObject\",\"inLanguage\":\"en-GB\",\"@id\":\"https:\/\/www.motorrad-und-urlaub.at\/kroatien\/#primaryimage\",\"url\":\"https:\/\/www.motorrad-und-urlaub.at\/wp-content\/uploads\/2018\/05\/Kroatien-Kurztour-00003.jpg\",\"contentUrl\":\"https:\/\/www.motorrad-und-urlaub.at\/wp-content\/uploads\/2018\/05\/Kroatien-Kurztour-00003.jpg\",\"width\":640,\"height\":427,\"caption\":\"Kroatien Kurztour 00003\"},{\"@type\":\"BreadcrumbList\",\"@id\":\"https:\/\/www.motorrad-und-urlaub.at\/kroatien\/#breadcrumb\",\"itemListElement\":[{\"@type\":\"ListItem\",\"position\":1,\"name\":\"Startseite\",\"item\":\"https:\/\/www.motorrad-und-urlaub.at\/\"},{\"@type\":\"ListItem\",\"position\":2,\"name\":\"Kroatien\"}]},{\"@type\":\"WebSite\",\"@id\":\"https:\/\/www.motorrad-und-urlaub.at\/#website\",\"url\":\"https:\/\/www.motorrad-und-urlaub.at\/\",\"name\":\"Motorrad und Urlaub\",\"description\":\"Dein Motorradurlaub - Reiseb\u00fcro\",\"publisher\":{\"@id\":\"https:\/\/www.motorrad-und-urlaub.at\/#organization\"},\"potentialAction\":[{\"@type\":\"SearchAction\",\"target\":{\"@type\":\"EntryPoint\",\"urlTemplate\":\"https:\/\/www.motorrad-und-urlaub.at\/?s={search_term_string}\"},\"query-input\":{\"@type\":\"PropertyValueSpecification\",\"valueRequired\":true,\"valueName\":\"search_term_string\"}}],\"inLanguage\":\"en-GB\"},{\"@type\":\"Organization\",\"@id\":\"https:\/\/www.motorrad-und-urlaub.at\/#organization\",\"name\":\"Motorrad und Urlaub\",\"url\":\"https:\/\/www.motorrad-und-urlaub.at\/\",\"logo\":{\"@type\":\"ImageObject\",\"inLanguage\":\"en-GB\",\"@id\":\"https:\/\/www.motorrad-und-urlaub.at\/#\/schema\/logo\/image\/\",\"url\":\"https:\/\/www.motorrad-und-urlaub.at\/wp-content\/uploads\/2018\/06\/Briefpapier-Dein_Motorrad-Reisebuero_Patrick.jpg\",\"contentUrl\":\"https:\/\/www.motorrad-und-urlaub.at\/wp-content\/uploads\/2018\/06\/Briefpapier-Dein_Motorrad-Reisebuero_Patrick.jpg\",\"width\":1200,\"height\":182,\"caption\":\"Motorrad und Urlaub\"},\"image\":{\"@id\":\"https:\/\/www.motorrad-und-urlaub.at\/#\/schema\/logo\/image\/\"},\"sameAs\":[\"https:\/\/www.facebook.com\/MotorradundUrlaub\/\",\"https:\/\/www.youtube.com\/channel\/UC6dgZqlIWRLGunB_LLKIfEQ\",\"https:\/\/www.instagram.com\/motorrad_und_urlaub\/\"]}]}<\/script>\n<!-- \/ Yoast SEO plugin. -->","yoast_head_json":{"title":"Kroatien - Motorradtouren durch das Land der 1000 Inseln","description":"Motorradreisen nach Kroatien sind etwas ganz Besonderes. Hier findest du unsere exclusiven Touren in dieses einmalige Motorrad-Land.","robots":{"index":"index","follow":"follow","max-snippet":"max-snippet:-1","max-image-preview":"max-image-preview:large","max-video-preview":"max-video-preview:-1"},"canonical":"https:\/\/www.motorrad-und-urlaub.at\/en\/kroatien\/","og_locale":"en_GB","og_type":"article","og_title":"Kroatien - Motorradtouren durch das Land der 1000 Inseln","og_description":"Motorradreisen nach Kroatien sind etwas ganz Besonderes. Hier findest du unsere exclusiven Touren in dieses einmalige Motorrad-Land.","og_url":"https:\/\/www.motorrad-und-urlaub.at\/en\/kroatien\/","og_site_name":"Dein Urlaub mit Motorrad","article_publisher":"https:\/\/www.facebook.com\/MotorradundUrlaub\/","article_modified_time":"2023-01-05T09:05:52+00:00","og_image":[{"width":640,"height":427,"url":"https:\/\/www.motorrad-und-urlaub.at\/wp-content\/uploads\/2018\/05\/Kroatien-Kurztour-00003.jpg","type":"image\/jpeg"}],"twitter_card":"summary_large_image","schema":{"@context":"https:\/\/schema.org","@graph":[{"@type":"WebPage","@id":"https:\/\/www.motorrad-und-urlaub.at\/kroatien\/","url":"https:\/\/www.motorrad-und-urlaub.at\/kroatien\/","name":"Kroatien - Motorradtouren durch das Land der 1000 Inseln","isPartOf":{"@id":"https:\/\/www.motorrad-und-urlaub.at\/#website"},"primaryImageOfPage":{"@id":"https:\/\/www.motorrad-und-urlaub.at\/kroatien\/#primaryimage"},"image":{"@id":"https:\/\/www.motorrad-und-urlaub.at\/kroatien\/#primaryimage"},"thumbnailUrl":"https:\/\/www.motorrad-und-urlaub.at\/wp-content\/uploads\/2018\/05\/Kroatien-Kurztour-00003.jpg","datePublished":"2018-05-29T08:08:09+00:00","dateModified":"2023-01-05T09:05:52+00:00","description":"Motorradreisen nach Kroatien sind etwas ganz Besonderes. Hier findest du unsere exclusiven Touren in dieses einmalige Motorrad-Land.","breadcrumb":{"@id":"https:\/\/www.motorrad-und-urlaub.at\/kroatien\/#breadcrumb"},"inLanguage":"en-GB","potentialAction":[{"@type":"ReadAction","target":["https:\/\/www.motorrad-und-urlaub.at\/kroatien\/"]}]},{"@type":"ImageObject","inLanguage":"en-GB","@id":"https:\/\/www.motorrad-und-urlaub.at\/kroatien\/#primaryimage","url":"https:\/\/www.motorrad-und-urlaub.at\/wp-content\/uploads\/2018\/05\/Kroatien-Kurztour-00003.jpg","contentUrl":"https:\/\/www.motorrad-und-urlaub.at\/wp-content\/uploads\/2018\/05\/Kroatien-Kurztour-00003.jpg","width":640,"height":427,"caption":"Kroatien Kurztour 00003"},{"@type":"BreadcrumbList","@id":"https:\/\/www.motorrad-und-urlaub.at\/kroatien\/#breadcrumb","itemListElement":[{"@type":"ListItem","position":1,"name":"Startseite","item":"https:\/\/www.motorrad-und-urlaub.at\/"},{"@type":"ListItem","position":2,"name":"Kroatien"}]},{"@type":"WebSite","@id":"https:\/\/www.motorrad-und-urlaub.at\/#website","url":"https:\/\/www.motorrad-und-urlaub.at\/","name":"Motorrad und Urlaub","description":"Dein Motorradurlaub - Reiseb\u00fcro","publisher":{"@id":"https:\/\/www.motorrad-und-urlaub.at\/#organization"},"potentialAction":[{"@type":"SearchAction","target":{"@type":"EntryPoint","urlTemplate":"https:\/\/www.motorrad-und-urlaub.at\/?s={search_term_string}"},"query-input":{"@type":"PropertyValueSpecification","valueRequired":true,"valueName":"search_term_string"}}],"inLanguage":"en-GB"},{"@type":"Organization","@id":"https:\/\/www.motorrad-und-urlaub.at\/#organization","name":"Motorrad und Urlaub","url":"https:\/\/www.motorrad-und-urlaub.at\/","logo":{"@type":"ImageObject","inLanguage":"en-GB","@id":"https:\/\/www.motorrad-und-urlaub.at\/#\/schema\/logo\/image\/","url":"https:\/\/www.motorrad-und-urlaub.at\/wp-content\/uploads\/2018\/06\/Briefpapier-Dein_Motorrad-Reisebuero_Patrick.jpg","contentUrl":"https:\/\/www.motorrad-und-urlaub.at\/wp-content\/uploads\/2018\/06\/Briefpapier-Dein_Motorrad-Reisebuero_Patrick.jpg","width":1200,"height":182,"caption":"Motorrad und Urlaub"},"image":{"@id":"https:\/\/www.motorrad-und-urlaub.at\/#\/schema\/logo\/image\/"},"sameAs":["https:\/\/www.facebook.com\/MotorradundUrlaub\/","https:\/\/www.youtube.com\/channel\/UC6dgZqlIWRLGunB_LLKIfEQ","https:\/\/www.instagram.com\/motorrad_und_urlaub\/"]}]}},"_links":{"self":[{"href":"https:\/\/www.motorrad-und-urlaub.at\/en\/wp-json\/wp\/v2\/pages\/753","targetHints":{"allow":["GET"]}}],"collection":[{"href":"https:\/\/www.motorrad-und-urlaub.at\/en\/wp-json\/wp\/v2\/pages"}],"about":[{"href":"https:\/\/www.motorrad-und-urlaub.at\/en\/wp-json\/wp\/v2\/types\/page"}],"author":[{"embeddable":true,"href":"https:\/\/www.motorrad-und-urlaub.at\/en\/wp-json\/wp\/v2\/users\/1"}],"replies":[{"embeddable":true,"href":"https:\/\/www.motorrad-und-urlaub.at\/en\/wp-json\/wp\/v2\/comments?post=753"}],"version-history":[{"count":3,"href":"https:\/\/www.motorrad-und-urlaub.at\/en\/wp-json\/wp\/v2\/pages\/753\/revisions"}],"predecessor-version":[{"id":4392,"href":"https:\/\/www.motorrad-und-urlaub.at\/en\/wp-json\/wp\/v2\/pages\/753\/revisions\/4392"}],"wp:featuredmedia":[{"embeddable":true,"href":"https:\/\/www.motorrad-und-urlaub.at\/en\/wp-json\/wp\/v2\/media\/83"}],"wp:attachment":[{"href":"https:\/\/www.motorrad-und-urlaub.at\/en\/wp-json\/wp\/v2\/media?parent=753"}],"curies":[{"name":"wp","href":"https:\/\/api.w.org\/{rel}","templated":true}]}}