{"id":736,"date":"2018-05-29T09:36:24","date_gmt":"2018-05-29T07:36:24","guid":{"rendered":"https:\/\/www.motorrad-und-urlaub.at\/?page_id=736"},"modified":"2019-02-19T11:00:23","modified_gmt":"2019-02-19T10:00:23","slug":"balkan","status":"publish","type":"page","link":"https:\/\/www.motorrad-und-urlaub.at\/en\/balkan\/","title":{"rendered":"Balkans"},"content":{"rendered":"<div id=\"cs-content\" class=\"cs-content\"><\/div>","protected":false},"excerpt":{"rendered":"<p>BALKAN XXL AND BALKAN EXPRESS We will be travelling some of the most beautiful motorbike routes in the Balkans. Two tours: the Balkan Express (9 days) and the Balkan XXL (15 days) will take you through Slovenia, Croatia, Bosnia &amp; Herzegovina, Serbia, Montenegro and Albania, and the Balkan XXL will take you even further to Macedonia and back to Albania. This will ... <\/p>\n<div><a href=\"https:\/\/www.motorrad-und-urlaub.at\/en\/motorradreisen-strasse\/kroatien\/an-die-adria-reise-enduros\/\" class=\"more-link\">Read More<\/a><\/div>","protected":false},"author":1,"featured_media":9,"parent":0,"menu_order":0,"comment_status":"closed","ping_status":"closed","template":"","meta":{"_acf_changed":false,"footnotes":""},"class_list":["post-736","page","type-page","status-publish","has-post-thumbnail","hentry"],"acf":[],"yoast_head":"<!-- This site is optimized with the Yoast SEO plugin v25.4 - https:\/\/yoast.com\/wordpress\/plugins\/seo\/ -->\n<title>Balkan Motorradtouren - Express oder XXL - Dein Urlaub mit Motorrad<\/title>\n<meta name=\"description\" content=\"Der Balkan - wild und urspr\u00fcnglich. Zwei Motorradreisen vom Feinsten. Unglaubliche Stra\u00dfen, atemberaubende Panoramen und offene liebensw\u00fcrdige Menschen.\" \/>\n<meta name=\"robots\" content=\"index, follow, max-snippet:-1, max-image-preview:large, max-video-preview:-1\" \/>\n<link rel=\"canonical\" href=\"https:\/\/www.motorrad-und-urlaub.at\/en\/balkan\/\" \/>\n<meta property=\"og:locale\" content=\"en_GB\" \/>\n<meta property=\"og:type\" content=\"article\" \/>\n<meta property=\"og:title\" content=\"Balkan Motorradtouren - Express oder XXL - Dein Urlaub mit Motorrad\" \/>\n<meta property=\"og:description\" content=\"Der Balkan - wild und urspr\u00fcnglich. Zwei Motorradreisen vom Feinsten. Unglaubliche Stra\u00dfen, atemberaubende Panoramen und offene liebensw\u00fcrdige Menschen.\" \/>\n<meta property=\"og:url\" content=\"https:\/\/www.motorrad-und-urlaub.at\/en\/balkan\/\" \/>\n<meta property=\"og:site_name\" content=\"Dein Urlaub mit Motorrad\" \/>\n<meta property=\"article:publisher\" content=\"https:\/\/www.facebook.com\/MotorradundUrlaub\/\" \/>\n<meta property=\"article:modified_time\" content=\"2019-02-19T10:00:23+00:00\" \/>\n<meta property=\"og:image\" content=\"https:\/\/www.motorrad-und-urlaub.at\/wp-content\/uploads\/2018\/05\/Balkan-Express-00002.jpg\" \/>\n\t<meta property=\"og:image:width\" content=\"1200\" \/>\n\t<meta property=\"og:image:height\" content=\"675\" \/>\n\t<meta property=\"og:image:type\" content=\"image\/jpeg\" \/>\n<meta name=\"twitter:card\" content=\"summary_large_image\" \/>\n<script type=\"application\/ld+json\" class=\"yoast-schema-graph\">{\"@context\":\"https:\/\/schema.org\",\"@graph\":[{\"@type\":\"WebPage\",\"@id\":\"https:\/\/www.motorrad-und-urlaub.at\/balkan\/\",\"url\":\"https:\/\/www.motorrad-und-urlaub.at\/balkan\/\",\"name\":\"Balkan Motorradtouren - Express oder XXL - Dein Urlaub mit Motorrad\",\"isPartOf\":{\"@id\":\"https:\/\/www.motorrad-und-urlaub.at\/#website\"},\"primaryImageOfPage\":{\"@id\":\"https:\/\/www.motorrad-und-urlaub.at\/balkan\/#primaryimage\"},\"image\":{\"@id\":\"https:\/\/www.motorrad-und-urlaub.at\/balkan\/#primaryimage\"},\"thumbnailUrl\":\"https:\/\/www.motorrad-und-urlaub.at\/wp-content\/uploads\/2018\/05\/Balkan-Express-00002.jpg\",\"datePublished\":\"2018-05-29T07:36:24+00:00\",\"dateModified\":\"2019-02-19T10:00:23+00:00\",\"description\":\"Der Balkan - wild und urspr\u00fcnglich. Zwei Motorradreisen vom Feinsten. Unglaubliche Stra\u00dfen, atemberaubende Panoramen und offene liebensw\u00fcrdige Menschen.\",\"breadcrumb\":{\"@id\":\"https:\/\/www.motorrad-und-urlaub.at\/balkan\/#breadcrumb\"},\"inLanguage\":\"en-GB\",\"potentialAction\":[{\"@type\":\"ReadAction\",\"target\":[\"https:\/\/www.motorrad-und-urlaub.at\/balkan\/\"]}]},{\"@type\":\"ImageObject\",\"inLanguage\":\"en-GB\",\"@id\":\"https:\/\/www.motorrad-und-urlaub.at\/balkan\/#primaryimage\",\"url\":\"https:\/\/www.motorrad-und-urlaub.at\/wp-content\/uploads\/2018\/05\/Balkan-Express-00002.jpg\",\"contentUrl\":\"https:\/\/www.motorrad-und-urlaub.at\/wp-content\/uploads\/2018\/05\/Balkan-Express-00002.jpg\",\"width\":1200,\"height\":675,\"caption\":\"Balkan Express 00002\"},{\"@type\":\"BreadcrumbList\",\"@id\":\"https:\/\/www.motorrad-und-urlaub.at\/balkan\/#breadcrumb\",\"itemListElement\":[{\"@type\":\"ListItem\",\"position\":1,\"name\":\"Startseite\",\"item\":\"https:\/\/www.motorrad-und-urlaub.at\/\"},{\"@type\":\"ListItem\",\"position\":2,\"name\":\"Balkan\"}]},{\"@type\":\"WebSite\",\"@id\":\"https:\/\/www.motorrad-und-urlaub.at\/#website\",\"url\":\"https:\/\/www.motorrad-und-urlaub.at\/\",\"name\":\"Motorrad und Urlaub\",\"description\":\"Dein Motorradurlaub - Reiseb\u00fcro\",\"publisher\":{\"@id\":\"https:\/\/www.motorrad-und-urlaub.at\/#organization\"},\"potentialAction\":[{\"@type\":\"SearchAction\",\"target\":{\"@type\":\"EntryPoint\",\"urlTemplate\":\"https:\/\/www.motorrad-und-urlaub.at\/?s={search_term_string}\"},\"query-input\":{\"@type\":\"PropertyValueSpecification\",\"valueRequired\":true,\"valueName\":\"search_term_string\"}}],\"inLanguage\":\"en-GB\"},{\"@type\":\"Organization\",\"@id\":\"https:\/\/www.motorrad-und-urlaub.at\/#organization\",\"name\":\"Motorrad und Urlaub\",\"url\":\"https:\/\/www.motorrad-und-urlaub.at\/\",\"logo\":{\"@type\":\"ImageObject\",\"inLanguage\":\"en-GB\",\"@id\":\"https:\/\/www.motorrad-und-urlaub.at\/#\/schema\/logo\/image\/\",\"url\":\"https:\/\/www.motorrad-und-urlaub.at\/wp-content\/uploads\/2018\/06\/Briefpapier-Dein_Motorrad-Reisebuero_Patrick.jpg\",\"contentUrl\":\"https:\/\/www.motorrad-und-urlaub.at\/wp-content\/uploads\/2018\/06\/Briefpapier-Dein_Motorrad-Reisebuero_Patrick.jpg\",\"width\":1200,\"height\":182,\"caption\":\"Motorrad und Urlaub\"},\"image\":{\"@id\":\"https:\/\/www.motorrad-und-urlaub.at\/#\/schema\/logo\/image\/\"},\"sameAs\":[\"https:\/\/www.facebook.com\/MotorradundUrlaub\/\",\"https:\/\/www.youtube.com\/channel\/UC6dgZqlIWRLGunB_LLKIfEQ\",\"https:\/\/www.instagram.com\/motorrad_und_urlaub\/\"]}]}<\/script>\n<!-- \/ Yoast SEO plugin. -->","yoast_head_json":{"title":"Balkan Motorradtouren - Express oder XXL - Dein Urlaub mit Motorrad","description":"Der Balkan - wild und urspr\u00fcnglich. Zwei Motorradreisen vom Feinsten. Unglaubliche Stra\u00dfen, atemberaubende Panoramen und offene liebensw\u00fcrdige Menschen.","robots":{"index":"index","follow":"follow","max-snippet":"max-snippet:-1","max-image-preview":"max-image-preview:large","max-video-preview":"max-video-preview:-1"},"canonical":"https:\/\/www.motorrad-und-urlaub.at\/en\/balkan\/","og_locale":"en_GB","og_type":"article","og_title":"Balkan Motorradtouren - Express oder XXL - Dein Urlaub mit Motorrad","og_description":"Der Balkan - wild und urspr\u00fcnglich. Zwei Motorradreisen vom Feinsten. Unglaubliche Stra\u00dfen, atemberaubende Panoramen und offene liebensw\u00fcrdige Menschen.","og_url":"https:\/\/www.motorrad-und-urlaub.at\/en\/balkan\/","og_site_name":"Dein Urlaub mit Motorrad","article_publisher":"https:\/\/www.facebook.com\/MotorradundUrlaub\/","article_modified_time":"2019-02-19T10:00:23+00:00","og_image":[{"width":1200,"height":675,"url":"https:\/\/www.motorrad-und-urlaub.at\/wp-content\/uploads\/2018\/05\/Balkan-Express-00002.jpg","type":"image\/jpeg"}],"twitter_card":"summary_large_image","schema":{"@context":"https:\/\/schema.org","@graph":[{"@type":"WebPage","@id":"https:\/\/www.motorrad-und-urlaub.at\/balkan\/","url":"https:\/\/www.motorrad-und-urlaub.at\/balkan\/","name":"Balkan Motorradtouren - Express oder XXL - Dein Urlaub mit Motorrad","isPartOf":{"@id":"https:\/\/www.motorrad-und-urlaub.at\/#website"},"primaryImageOfPage":{"@id":"https:\/\/www.motorrad-und-urlaub.at\/balkan\/#primaryimage"},"image":{"@id":"https:\/\/www.motorrad-und-urlaub.at\/balkan\/#primaryimage"},"thumbnailUrl":"https:\/\/www.motorrad-und-urlaub.at\/wp-content\/uploads\/2018\/05\/Balkan-Express-00002.jpg","datePublished":"2018-05-29T07:36:24+00:00","dateModified":"2019-02-19T10:00:23+00:00","description":"Der Balkan - wild und urspr\u00fcnglich. Zwei Motorradreisen vom Feinsten. Unglaubliche Stra\u00dfen, atemberaubende Panoramen und offene liebensw\u00fcrdige Menschen.","breadcrumb":{"@id":"https:\/\/www.motorrad-und-urlaub.at\/balkan\/#breadcrumb"},"inLanguage":"en-GB","potentialAction":[{"@type":"ReadAction","target":["https:\/\/www.motorrad-und-urlaub.at\/balkan\/"]}]},{"@type":"ImageObject","inLanguage":"en-GB","@id":"https:\/\/www.motorrad-und-urlaub.at\/balkan\/#primaryimage","url":"https:\/\/www.motorrad-und-urlaub.at\/wp-content\/uploads\/2018\/05\/Balkan-Express-00002.jpg","contentUrl":"https:\/\/www.motorrad-und-urlaub.at\/wp-content\/uploads\/2018\/05\/Balkan-Express-00002.jpg","width":1200,"height":675,"caption":"Balkan Express 00002"},{"@type":"BreadcrumbList","@id":"https:\/\/www.motorrad-und-urlaub.at\/balkan\/#breadcrumb","itemListElement":[{"@type":"ListItem","position":1,"name":"Startseite","item":"https:\/\/www.motorrad-und-urlaub.at\/"},{"@type":"ListItem","position":2,"name":"Balkan"}]},{"@type":"WebSite","@id":"https:\/\/www.motorrad-und-urlaub.at\/#website","url":"https:\/\/www.motorrad-und-urlaub.at\/","name":"Motorrad und Urlaub","description":"Dein Motorradurlaub - Reiseb\u00fcro","publisher":{"@id":"https:\/\/www.motorrad-und-urlaub.at\/#organization"},"potentialAction":[{"@type":"SearchAction","target":{"@type":"EntryPoint","urlTemplate":"https:\/\/www.motorrad-und-urlaub.at\/?s={search_term_string}"},"query-input":{"@type":"PropertyValueSpecification","valueRequired":true,"valueName":"search_term_string"}}],"inLanguage":"en-GB"},{"@type":"Organization","@id":"https:\/\/www.motorrad-und-urlaub.at\/#organization","name":"Motorrad und Urlaub","url":"https:\/\/www.motorrad-und-urlaub.at\/","logo":{"@type":"ImageObject","inLanguage":"en-GB","@id":"https:\/\/www.motorrad-und-urlaub.at\/#\/schema\/logo\/image\/","url":"https:\/\/www.motorrad-und-urlaub.at\/wp-content\/uploads\/2018\/06\/Briefpapier-Dein_Motorrad-Reisebuero_Patrick.jpg","contentUrl":"https:\/\/www.motorrad-und-urlaub.at\/wp-content\/uploads\/2018\/06\/Briefpapier-Dein_Motorrad-Reisebuero_Patrick.jpg","width":1200,"height":182,"caption":"Motorrad und Urlaub"},"image":{"@id":"https:\/\/www.motorrad-und-urlaub.at\/#\/schema\/logo\/image\/"},"sameAs":["https:\/\/www.facebook.com\/MotorradundUrlaub\/","https:\/\/www.youtube.com\/channel\/UC6dgZqlIWRLGunB_LLKIfEQ","https:\/\/www.instagram.com\/motorrad_und_urlaub\/"]}]}},"_links":{"self":[{"href":"https:\/\/www.motorrad-und-urlaub.at\/en\/wp-json\/wp\/v2\/pages\/736","targetHints":{"allow":["GET"]}}],"collection":[{"href":"https:\/\/www.motorrad-und-urlaub.at\/en\/wp-json\/wp\/v2\/pages"}],"about":[{"href":"https:\/\/www.motorrad-und-urlaub.at\/en\/wp-json\/wp\/v2\/types\/page"}],"author":[{"embeddable":true,"href":"https:\/\/www.motorrad-und-urlaub.at\/en\/wp-json\/wp\/v2\/users\/1"}],"replies":[{"embeddable":true,"href":"https:\/\/www.motorrad-und-urlaub.at\/en\/wp-json\/wp\/v2\/comments?post=736"}],"version-history":[{"count":3,"href":"https:\/\/www.motorrad-und-urlaub.at\/en\/wp-json\/wp\/v2\/pages\/736\/revisions"}],"predecessor-version":[{"id":1764,"href":"https:\/\/www.motorrad-und-urlaub.at\/en\/wp-json\/wp\/v2\/pages\/736\/revisions\/1764"}],"wp:featuredmedia":[{"embeddable":true,"href":"https:\/\/www.motorrad-und-urlaub.at\/en\/wp-json\/wp\/v2\/media\/9"}],"wp:attachment":[{"href":"https:\/\/www.motorrad-und-urlaub.at\/en\/wp-json\/wp\/v2\/media?parent=736"}],"curies":[{"name":"wp","href":"https:\/\/api.w.org\/{rel}","templated":true}]}}