{"id":3326,"date":"2021-11-12T10:17:25","date_gmt":"2021-11-12T09:17:25","guid":{"rendered":"https:\/\/www.motorrad-und-urlaub.at\/?page_id=3326"},"modified":"2022-08-11T13:03:46","modified_gmt":"2022-08-11T11:03:46","slug":"jobangbote","status":"publish","type":"page","link":"https:\/\/www.motorrad-und-urlaub.at\/en\/jobangbote\/","title":{"rendered":"Job offers"},"content":{"rendered":"<div id=\"cs-content\" class=\"cs-content\"><\/div>","protected":false},"excerpt":{"rendered":"<p>We, the travel agency Motorrad und Urlaub, have been organising motorbike holidays since 2008 - from guided Harley-Davidson tours in the USA, Canada and South Africa to tours with your own bike in the former East, such as Romania, former Yugoslavia, Bulgaria and Albania. Become part of our growing team and support us!Our current job offers Employee (m\/f\/d) travel agency with possibility of promotion to ... <\/p>\n<div><a href=\"https:\/\/www.motorrad-und-urlaub.at\/en\/jobs\/buchhalter-m-w-d\/\" class=\"more-link\">Read More<\/a><\/div>","protected":false},"author":1,"featured_media":346,"parent":0,"menu_order":0,"comment_status":"closed","ping_status":"closed","template":"","meta":{"_acf_changed":false,"footnotes":""},"class_list":["post-3326","page","type-page","status-publish","has-post-thumbnail","hentry"],"acf":[],"yoast_head":"<!-- This site is optimized with the Yoast SEO plugin v25.4 - https:\/\/yoast.com\/wordpress\/plugins\/seo\/ -->\n<title>Jobangbote - Dein Urlaub mit Motorrad<\/title>\n<meta name=\"description\" content=\"Er-fahre mit uns gemeinsam die scheinbar unendlichen Urw\u00e4lder der Karpaten, die gut ausgebauten Pass-Stra\u00dfen und die faszinierende Kultur Rum\u00e4nies.\" \/>\n<meta name=\"robots\" content=\"index, follow, max-snippet:-1, max-image-preview:large, max-video-preview:-1\" \/>\n<link rel=\"canonical\" href=\"https:\/\/www.motorrad-und-urlaub.at\/en\/jobangbote\/\" \/>\n<meta property=\"og:locale\" content=\"en_GB\" \/>\n<meta property=\"og:type\" content=\"article\" \/>\n<meta property=\"og:title\" content=\"Jobangbote - Dein Urlaub mit Motorrad\" \/>\n<meta property=\"og:description\" content=\"Er-fahre mit uns gemeinsam die scheinbar unendlichen Urw\u00e4lder der Karpaten, die gut ausgebauten Pass-Stra\u00dfen und die faszinierende Kultur Rum\u00e4nies.\" \/>\n<meta property=\"og:url\" content=\"https:\/\/www.motorrad-und-urlaub.at\/en\/jobangbote\/\" \/>\n<meta property=\"og:site_name\" content=\"Dein Urlaub mit Motorrad\" \/>\n<meta property=\"article:publisher\" content=\"https:\/\/www.facebook.com\/MotorradundUrlaub\/\" \/>\n<meta property=\"article:modified_time\" content=\"2022-08-11T11:03:46+00:00\" \/>\n<meta property=\"og:image\" content=\"https:\/\/www.motorrad-und-urlaub.at\/wp-content\/uploads\/2018\/05\/Russland-00007.jpg\" \/>\n\t<meta property=\"og:image:width\" content=\"1200\" \/>\n\t<meta property=\"og:image:height\" content=\"675\" \/>\n\t<meta property=\"og:image:type\" content=\"image\/jpeg\" \/>\n<meta name=\"twitter:card\" content=\"summary_large_image\" \/>\n<meta name=\"twitter:label1\" content=\"Estimated reading time\" \/>\n\t<meta name=\"twitter:data1\" content=\"1 minute\" \/>\n<script type=\"application\/ld+json\" class=\"yoast-schema-graph\">{\"@context\":\"https:\/\/schema.org\",\"@graph\":[{\"@type\":\"WebPage\",\"@id\":\"https:\/\/www.motorrad-und-urlaub.at\/jobangbote\/\",\"url\":\"https:\/\/www.motorrad-und-urlaub.at\/jobangbote\/\",\"name\":\"Jobangbote - Dein Urlaub mit Motorrad\",\"isPartOf\":{\"@id\":\"https:\/\/www.motorrad-und-urlaub.at\/#website\"},\"primaryImageOfPage\":{\"@id\":\"https:\/\/www.motorrad-und-urlaub.at\/jobangbote\/#primaryimage\"},\"image\":{\"@id\":\"https:\/\/www.motorrad-und-urlaub.at\/jobangbote\/#primaryimage\"},\"thumbnailUrl\":\"https:\/\/www.motorrad-und-urlaub.at\/wp-content\/uploads\/2018\/05\/Russland-00007.jpg\",\"datePublished\":\"2021-11-12T09:17:25+00:00\",\"dateModified\":\"2022-08-11T11:03:46+00:00\",\"description\":\"Er-fahre mit uns gemeinsam die scheinbar unendlichen Urw\u00e4lder der Karpaten, die gut ausgebauten Pass-Stra\u00dfen und die faszinierende Kultur Rum\u00e4nies.\",\"breadcrumb\":{\"@id\":\"https:\/\/www.motorrad-und-urlaub.at\/jobangbote\/#breadcrumb\"},\"inLanguage\":\"en-GB\",\"potentialAction\":[{\"@type\":\"ReadAction\",\"target\":[\"https:\/\/www.motorrad-und-urlaub.at\/jobangbote\/\"]}]},{\"@type\":\"ImageObject\",\"inLanguage\":\"en-GB\",\"@id\":\"https:\/\/www.motorrad-und-urlaub.at\/jobangbote\/#primaryimage\",\"url\":\"https:\/\/www.motorrad-und-urlaub.at\/wp-content\/uploads\/2018\/05\/Russland-00007.jpg\",\"contentUrl\":\"https:\/\/www.motorrad-und-urlaub.at\/wp-content\/uploads\/2018\/05\/Russland-00007.jpg\",\"width\":1200,\"height\":675,\"caption\":\"Russland 00007\"},{\"@type\":\"BreadcrumbList\",\"@id\":\"https:\/\/www.motorrad-und-urlaub.at\/jobangbote\/#breadcrumb\",\"itemListElement\":[{\"@type\":\"ListItem\",\"position\":1,\"name\":\"Startseite\",\"item\":\"https:\/\/www.motorrad-und-urlaub.at\/\"},{\"@type\":\"ListItem\",\"position\":2,\"name\":\"Jobangbote\"}]},{\"@type\":\"WebSite\",\"@id\":\"https:\/\/www.motorrad-und-urlaub.at\/#website\",\"url\":\"https:\/\/www.motorrad-und-urlaub.at\/\",\"name\":\"Motorrad und Urlaub\",\"description\":\"Dein Motorradurlaub - Reiseb\u00fcro\",\"publisher\":{\"@id\":\"https:\/\/www.motorrad-und-urlaub.at\/#organization\"},\"potentialAction\":[{\"@type\":\"SearchAction\",\"target\":{\"@type\":\"EntryPoint\",\"urlTemplate\":\"https:\/\/www.motorrad-und-urlaub.at\/?s={search_term_string}\"},\"query-input\":{\"@type\":\"PropertyValueSpecification\",\"valueRequired\":true,\"valueName\":\"search_term_string\"}}],\"inLanguage\":\"en-GB\"},{\"@type\":\"Organization\",\"@id\":\"https:\/\/www.motorrad-und-urlaub.at\/#organization\",\"name\":\"Motorrad und Urlaub\",\"url\":\"https:\/\/www.motorrad-und-urlaub.at\/\",\"logo\":{\"@type\":\"ImageObject\",\"inLanguage\":\"en-GB\",\"@id\":\"https:\/\/www.motorrad-und-urlaub.at\/#\/schema\/logo\/image\/\",\"url\":\"https:\/\/www.motorrad-und-urlaub.at\/wp-content\/uploads\/2018\/06\/Briefpapier-Dein_Motorrad-Reisebuero_Patrick.jpg\",\"contentUrl\":\"https:\/\/www.motorrad-und-urlaub.at\/wp-content\/uploads\/2018\/06\/Briefpapier-Dein_Motorrad-Reisebuero_Patrick.jpg\",\"width\":1200,\"height\":182,\"caption\":\"Motorrad und Urlaub\"},\"image\":{\"@id\":\"https:\/\/www.motorrad-und-urlaub.at\/#\/schema\/logo\/image\/\"},\"sameAs\":[\"https:\/\/www.facebook.com\/MotorradundUrlaub\/\",\"https:\/\/www.youtube.com\/channel\/UC6dgZqlIWRLGunB_LLKIfEQ\",\"https:\/\/www.instagram.com\/motorrad_und_urlaub\/\"]}]}<\/script>\n<!-- \/ Yoast SEO plugin. -->","yoast_head_json":{"title":"Jobangbote - Dein Urlaub mit Motorrad","description":"Er-fahre mit uns gemeinsam die scheinbar unendlichen Urw\u00e4lder der Karpaten, die gut ausgebauten Pass-Stra\u00dfen und die faszinierende Kultur Rum\u00e4nies.","robots":{"index":"index","follow":"follow","max-snippet":"max-snippet:-1","max-image-preview":"max-image-preview:large","max-video-preview":"max-video-preview:-1"},"canonical":"https:\/\/www.motorrad-und-urlaub.at\/en\/jobangbote\/","og_locale":"en_GB","og_type":"article","og_title":"Jobangbote - Dein Urlaub mit Motorrad","og_description":"Er-fahre mit uns gemeinsam die scheinbar unendlichen Urw\u00e4lder der Karpaten, die gut ausgebauten Pass-Stra\u00dfen und die faszinierende Kultur Rum\u00e4nies.","og_url":"https:\/\/www.motorrad-und-urlaub.at\/en\/jobangbote\/","og_site_name":"Dein Urlaub mit Motorrad","article_publisher":"https:\/\/www.facebook.com\/MotorradundUrlaub\/","article_modified_time":"2022-08-11T11:03:46+00:00","og_image":[{"width":1200,"height":675,"url":"https:\/\/www.motorrad-und-urlaub.at\/wp-content\/uploads\/2018\/05\/Russland-00007.jpg","type":"image\/jpeg"}],"twitter_card":"summary_large_image","twitter_misc":{"Estimated reading time":"1 minute"},"schema":{"@context":"https:\/\/schema.org","@graph":[{"@type":"WebPage","@id":"https:\/\/www.motorrad-und-urlaub.at\/jobangbote\/","url":"https:\/\/www.motorrad-und-urlaub.at\/jobangbote\/","name":"Jobangbote - Dein Urlaub mit Motorrad","isPartOf":{"@id":"https:\/\/www.motorrad-und-urlaub.at\/#website"},"primaryImageOfPage":{"@id":"https:\/\/www.motorrad-und-urlaub.at\/jobangbote\/#primaryimage"},"image":{"@id":"https:\/\/www.motorrad-und-urlaub.at\/jobangbote\/#primaryimage"},"thumbnailUrl":"https:\/\/www.motorrad-und-urlaub.at\/wp-content\/uploads\/2018\/05\/Russland-00007.jpg","datePublished":"2021-11-12T09:17:25+00:00","dateModified":"2022-08-11T11:03:46+00:00","description":"Er-fahre mit uns gemeinsam die scheinbar unendlichen Urw\u00e4lder der Karpaten, die gut ausgebauten Pass-Stra\u00dfen und die faszinierende Kultur Rum\u00e4nies.","breadcrumb":{"@id":"https:\/\/www.motorrad-und-urlaub.at\/jobangbote\/#breadcrumb"},"inLanguage":"en-GB","potentialAction":[{"@type":"ReadAction","target":["https:\/\/www.motorrad-und-urlaub.at\/jobangbote\/"]}]},{"@type":"ImageObject","inLanguage":"en-GB","@id":"https:\/\/www.motorrad-und-urlaub.at\/jobangbote\/#primaryimage","url":"https:\/\/www.motorrad-und-urlaub.at\/wp-content\/uploads\/2018\/05\/Russland-00007.jpg","contentUrl":"https:\/\/www.motorrad-und-urlaub.at\/wp-content\/uploads\/2018\/05\/Russland-00007.jpg","width":1200,"height":675,"caption":"Russland 00007"},{"@type":"BreadcrumbList","@id":"https:\/\/www.motorrad-und-urlaub.at\/jobangbote\/#breadcrumb","itemListElement":[{"@type":"ListItem","position":1,"name":"Startseite","item":"https:\/\/www.motorrad-und-urlaub.at\/"},{"@type":"ListItem","position":2,"name":"Jobangbote"}]},{"@type":"WebSite","@id":"https:\/\/www.motorrad-und-urlaub.at\/#website","url":"https:\/\/www.motorrad-und-urlaub.at\/","name":"Motorrad und Urlaub","description":"Dein Motorradurlaub - Reiseb\u00fcro","publisher":{"@id":"https:\/\/www.motorrad-und-urlaub.at\/#organization"},"potentialAction":[{"@type":"SearchAction","target":{"@type":"EntryPoint","urlTemplate":"https:\/\/www.motorrad-und-urlaub.at\/?s={search_term_string}"},"query-input":{"@type":"PropertyValueSpecification","valueRequired":true,"valueName":"search_term_string"}}],"inLanguage":"en-GB"},{"@type":"Organization","@id":"https:\/\/www.motorrad-und-urlaub.at\/#organization","name":"Motorrad und Urlaub","url":"https:\/\/www.motorrad-und-urlaub.at\/","logo":{"@type":"ImageObject","inLanguage":"en-GB","@id":"https:\/\/www.motorrad-und-urlaub.at\/#\/schema\/logo\/image\/","url":"https:\/\/www.motorrad-und-urlaub.at\/wp-content\/uploads\/2018\/06\/Briefpapier-Dein_Motorrad-Reisebuero_Patrick.jpg","contentUrl":"https:\/\/www.motorrad-und-urlaub.at\/wp-content\/uploads\/2018\/06\/Briefpapier-Dein_Motorrad-Reisebuero_Patrick.jpg","width":1200,"height":182,"caption":"Motorrad und Urlaub"},"image":{"@id":"https:\/\/www.motorrad-und-urlaub.at\/#\/schema\/logo\/image\/"},"sameAs":["https:\/\/www.facebook.com\/MotorradundUrlaub\/","https:\/\/www.youtube.com\/channel\/UC6dgZqlIWRLGunB_LLKIfEQ","https:\/\/www.instagram.com\/motorrad_und_urlaub\/"]}]}},"_links":{"self":[{"href":"https:\/\/www.motorrad-und-urlaub.at\/en\/wp-json\/wp\/v2\/pages\/3326","targetHints":{"allow":["GET"]}}],"collection":[{"href":"https:\/\/www.motorrad-und-urlaub.at\/en\/wp-json\/wp\/v2\/pages"}],"about":[{"href":"https:\/\/www.motorrad-und-urlaub.at\/en\/wp-json\/wp\/v2\/types\/page"}],"author":[{"embeddable":true,"href":"https:\/\/www.motorrad-und-urlaub.at\/en\/wp-json\/wp\/v2\/users\/1"}],"replies":[{"embeddable":true,"href":"https:\/\/www.motorrad-und-urlaub.at\/en\/wp-json\/wp\/v2\/comments?post=3326"}],"version-history":[{"count":8,"href":"https:\/\/www.motorrad-und-urlaub.at\/en\/wp-json\/wp\/v2\/pages\/3326\/revisions"}],"predecessor-version":[{"id":3892,"href":"https:\/\/www.motorrad-und-urlaub.at\/en\/wp-json\/wp\/v2\/pages\/3326\/revisions\/3892"}],"wp:featuredmedia":[{"embeddable":true,"href":"https:\/\/www.motorrad-und-urlaub.at\/en\/wp-json\/wp\/v2\/media\/346"}],"wp:attachment":[{"href":"https:\/\/www.motorrad-und-urlaub.at\/en\/wp-json\/wp\/v2\/media?parent=3326"}],"curies":[{"name":"wp","href":"https:\/\/api.w.org\/{rel}","templated":true}]}}