{"id":2293,"date":"2019-12-02T10:53:48","date_gmt":"2019-12-02T09:53:48","guid":{"rendered":"https:\/\/www.motorrad-und-urlaub.at\/?page_id=2293"},"modified":"2019-12-18T10:22:31","modified_gmt":"2019-12-18T09:22:31","slug":"bulgarien","status":"publish","type":"page","link":"https:\/\/www.motorrad-und-urlaub.at\/en\/bulgarien\/","title":{"rendered":"Bulgaria"},"content":{"rendered":"<div id=\"cs-content\" class=\"cs-content\"><\/div>","protected":false},"excerpt":{"rendered":"<p>Bulgaria XXL 9Bulgaria XXL 8Bulgaria XXL 7Bulgaria XXL 6Bulgaria XXL 5Bulgaria XXL 3Bulgaria XXL 1Bulgaria Motorcycle Tour The South West 4Exploring the Eastern European country of Bulgaria by motorbike is an experience that makes every motorcyclist's heart beat faster. Not only the choice of routes is a dream, but also the variety of this country surprises and amazes. The scenic diversity reveals itself ... <\/p>\n<div><a href=\"https:\/\/www.motorrad-und-urlaub.at\/en\/motorradreisen-strasse\/bulgarien-der-sued-westen\/\" class=\"more-link\">Read More<\/a><\/div>","protected":false},"author":1,"featured_media":0,"parent":0,"menu_order":0,"comment_status":"closed","ping_status":"closed","template":"","meta":{"_acf_changed":false,"footnotes":""},"class_list":["post-2293","page","type-page","status-publish","hentry","no-post-thumbnail"],"acf":[],"yoast_head":"<!-- This site is optimized with the Yoast SEO plugin v25.4 - https:\/\/yoast.com\/wordpress\/plugins\/seo\/ -->\n<title>Bulgarien Touren mit dem eigenen Motorrad - Dein Urlaub mit Motorrad<\/title>\n<meta name=\"description\" content=\"Das osteurop\u00e4ische Land Bulgarien mit dem Motorrad zu er-fahren ist ein Erlebnis, das jedes Motorradfahrer Herz h\u00f6her schlagen l\u00e4sst. Wir bieten 2 Touren an\" \/>\n<meta name=\"robots\" content=\"index, follow, max-snippet:-1, max-image-preview:large, max-video-preview:-1\" \/>\n<link rel=\"canonical\" href=\"https:\/\/www.motorrad-und-urlaub.at\/en\/bulgarien\/\" \/>\n<meta property=\"og:locale\" content=\"en_GB\" \/>\n<meta property=\"og:type\" content=\"article\" \/>\n<meta property=\"og:title\" content=\"Bulgarien Touren mit dem eigenen Motorrad - Dein Urlaub mit Motorrad\" \/>\n<meta property=\"og:description\" content=\"Das osteurop\u00e4ische Land Bulgarien mit dem Motorrad zu er-fahren ist ein Erlebnis, das jedes Motorradfahrer Herz h\u00f6her schlagen l\u00e4sst. Wir bieten 2 Touren an\" \/>\n<meta property=\"og:url\" content=\"https:\/\/www.motorrad-und-urlaub.at\/en\/bulgarien\/\" \/>\n<meta property=\"og:site_name\" content=\"Dein Urlaub mit Motorrad\" \/>\n<meta property=\"article:publisher\" content=\"https:\/\/www.facebook.com\/MotorradundUrlaub\/\" \/>\n<meta property=\"article:modified_time\" content=\"2019-12-18T09:22:31+00:00\" \/>\n<meta name=\"twitter:card\" content=\"summary_large_image\" \/>\n<script type=\"application\/ld+json\" class=\"yoast-schema-graph\">{\"@context\":\"https:\/\/schema.org\",\"@graph\":[{\"@type\":\"WebPage\",\"@id\":\"https:\/\/www.motorrad-und-urlaub.at\/bulgarien\/\",\"url\":\"https:\/\/www.motorrad-und-urlaub.at\/bulgarien\/\",\"name\":\"Bulgarien Touren mit dem eigenen Motorrad - Dein Urlaub mit Motorrad\",\"isPartOf\":{\"@id\":\"https:\/\/www.motorrad-und-urlaub.at\/#website\"},\"datePublished\":\"2019-12-02T09:53:48+00:00\",\"dateModified\":\"2019-12-18T09:22:31+00:00\",\"description\":\"Das osteurop\u00e4ische Land Bulgarien mit dem Motorrad zu er-fahren ist ein Erlebnis, das jedes Motorradfahrer Herz h\u00f6her schlagen l\u00e4sst. Wir bieten 2 Touren an\",\"breadcrumb\":{\"@id\":\"https:\/\/www.motorrad-und-urlaub.at\/bulgarien\/#breadcrumb\"},\"inLanguage\":\"en-GB\",\"potentialAction\":[{\"@type\":\"ReadAction\",\"target\":[\"https:\/\/www.motorrad-und-urlaub.at\/bulgarien\/\"]}]},{\"@type\":\"BreadcrumbList\",\"@id\":\"https:\/\/www.motorrad-und-urlaub.at\/bulgarien\/#breadcrumb\",\"itemListElement\":[{\"@type\":\"ListItem\",\"position\":1,\"name\":\"Startseite\",\"item\":\"https:\/\/www.motorrad-und-urlaub.at\/\"},{\"@type\":\"ListItem\",\"position\":2,\"name\":\"Bulgarien\"}]},{\"@type\":\"WebSite\",\"@id\":\"https:\/\/www.motorrad-und-urlaub.at\/#website\",\"url\":\"https:\/\/www.motorrad-und-urlaub.at\/\",\"name\":\"Motorrad und Urlaub\",\"description\":\"Dein Motorradurlaub - Reiseb\u00fcro\",\"publisher\":{\"@id\":\"https:\/\/www.motorrad-und-urlaub.at\/#organization\"},\"potentialAction\":[{\"@type\":\"SearchAction\",\"target\":{\"@type\":\"EntryPoint\",\"urlTemplate\":\"https:\/\/www.motorrad-und-urlaub.at\/?s={search_term_string}\"},\"query-input\":{\"@type\":\"PropertyValueSpecification\",\"valueRequired\":true,\"valueName\":\"search_term_string\"}}],\"inLanguage\":\"en-GB\"},{\"@type\":\"Organization\",\"@id\":\"https:\/\/www.motorrad-und-urlaub.at\/#organization\",\"name\":\"Motorrad und Urlaub\",\"url\":\"https:\/\/www.motorrad-und-urlaub.at\/\",\"logo\":{\"@type\":\"ImageObject\",\"inLanguage\":\"en-GB\",\"@id\":\"https:\/\/www.motorrad-und-urlaub.at\/#\/schema\/logo\/image\/\",\"url\":\"https:\/\/www.motorrad-und-urlaub.at\/wp-content\/uploads\/2018\/06\/Briefpapier-Dein_Motorrad-Reisebuero_Patrick.jpg\",\"contentUrl\":\"https:\/\/www.motorrad-und-urlaub.at\/wp-content\/uploads\/2018\/06\/Briefpapier-Dein_Motorrad-Reisebuero_Patrick.jpg\",\"width\":1200,\"height\":182,\"caption\":\"Motorrad und Urlaub\"},\"image\":{\"@id\":\"https:\/\/www.motorrad-und-urlaub.at\/#\/schema\/logo\/image\/\"},\"sameAs\":[\"https:\/\/www.facebook.com\/MotorradundUrlaub\/\",\"https:\/\/www.youtube.com\/channel\/UC6dgZqlIWRLGunB_LLKIfEQ\",\"https:\/\/www.instagram.com\/motorrad_und_urlaub\/\"]}]}<\/script>\n<!-- \/ Yoast SEO plugin. -->","yoast_head_json":{"title":"Bulgarien Touren mit dem eigenen Motorrad - Dein Urlaub mit Motorrad","description":"Das osteurop\u00e4ische Land Bulgarien mit dem Motorrad zu er-fahren ist ein Erlebnis, das jedes Motorradfahrer Herz h\u00f6her schlagen l\u00e4sst. Wir bieten 2 Touren an","robots":{"index":"index","follow":"follow","max-snippet":"max-snippet:-1","max-image-preview":"max-image-preview:large","max-video-preview":"max-video-preview:-1"},"canonical":"https:\/\/www.motorrad-und-urlaub.at\/en\/bulgarien\/","og_locale":"en_GB","og_type":"article","og_title":"Bulgarien Touren mit dem eigenen Motorrad - Dein Urlaub mit Motorrad","og_description":"Das osteurop\u00e4ische Land Bulgarien mit dem Motorrad zu er-fahren ist ein Erlebnis, das jedes Motorradfahrer Herz h\u00f6her schlagen l\u00e4sst. Wir bieten 2 Touren an","og_url":"https:\/\/www.motorrad-und-urlaub.at\/en\/bulgarien\/","og_site_name":"Dein Urlaub mit Motorrad","article_publisher":"https:\/\/www.facebook.com\/MotorradundUrlaub\/","article_modified_time":"2019-12-18T09:22:31+00:00","twitter_card":"summary_large_image","schema":{"@context":"https:\/\/schema.org","@graph":[{"@type":"WebPage","@id":"https:\/\/www.motorrad-und-urlaub.at\/bulgarien\/","url":"https:\/\/www.motorrad-und-urlaub.at\/bulgarien\/","name":"Bulgarien Touren mit dem eigenen Motorrad - Dein Urlaub mit Motorrad","isPartOf":{"@id":"https:\/\/www.motorrad-und-urlaub.at\/#website"},"datePublished":"2019-12-02T09:53:48+00:00","dateModified":"2019-12-18T09:22:31+00:00","description":"Das osteurop\u00e4ische Land Bulgarien mit dem Motorrad zu er-fahren ist ein Erlebnis, das jedes Motorradfahrer Herz h\u00f6her schlagen l\u00e4sst. Wir bieten 2 Touren an","breadcrumb":{"@id":"https:\/\/www.motorrad-und-urlaub.at\/bulgarien\/#breadcrumb"},"inLanguage":"en-GB","potentialAction":[{"@type":"ReadAction","target":["https:\/\/www.motorrad-und-urlaub.at\/bulgarien\/"]}]},{"@type":"BreadcrumbList","@id":"https:\/\/www.motorrad-und-urlaub.at\/bulgarien\/#breadcrumb","itemListElement":[{"@type":"ListItem","position":1,"name":"Startseite","item":"https:\/\/www.motorrad-und-urlaub.at\/"},{"@type":"ListItem","position":2,"name":"Bulgarien"}]},{"@type":"WebSite","@id":"https:\/\/www.motorrad-und-urlaub.at\/#website","url":"https:\/\/www.motorrad-und-urlaub.at\/","name":"Motorrad und Urlaub","description":"Dein Motorradurlaub - Reiseb\u00fcro","publisher":{"@id":"https:\/\/www.motorrad-und-urlaub.at\/#organization"},"potentialAction":[{"@type":"SearchAction","target":{"@type":"EntryPoint","urlTemplate":"https:\/\/www.motorrad-und-urlaub.at\/?s={search_term_string}"},"query-input":{"@type":"PropertyValueSpecification","valueRequired":true,"valueName":"search_term_string"}}],"inLanguage":"en-GB"},{"@type":"Organization","@id":"https:\/\/www.motorrad-und-urlaub.at\/#organization","name":"Motorrad und Urlaub","url":"https:\/\/www.motorrad-und-urlaub.at\/","logo":{"@type":"ImageObject","inLanguage":"en-GB","@id":"https:\/\/www.motorrad-und-urlaub.at\/#\/schema\/logo\/image\/","url":"https:\/\/www.motorrad-und-urlaub.at\/wp-content\/uploads\/2018\/06\/Briefpapier-Dein_Motorrad-Reisebuero_Patrick.jpg","contentUrl":"https:\/\/www.motorrad-und-urlaub.at\/wp-content\/uploads\/2018\/06\/Briefpapier-Dein_Motorrad-Reisebuero_Patrick.jpg","width":1200,"height":182,"caption":"Motorrad und Urlaub"},"image":{"@id":"https:\/\/www.motorrad-und-urlaub.at\/#\/schema\/logo\/image\/"},"sameAs":["https:\/\/www.facebook.com\/MotorradundUrlaub\/","https:\/\/www.youtube.com\/channel\/UC6dgZqlIWRLGunB_LLKIfEQ","https:\/\/www.instagram.com\/motorrad_und_urlaub\/"]}]}},"_links":{"self":[{"href":"https:\/\/www.motorrad-und-urlaub.at\/en\/wp-json\/wp\/v2\/pages\/2293","targetHints":{"allow":["GET"]}}],"collection":[{"href":"https:\/\/www.motorrad-und-urlaub.at\/en\/wp-json\/wp\/v2\/pages"}],"about":[{"href":"https:\/\/www.motorrad-und-urlaub.at\/en\/wp-json\/wp\/v2\/types\/page"}],"author":[{"embeddable":true,"href":"https:\/\/www.motorrad-und-urlaub.at\/en\/wp-json\/wp\/v2\/users\/1"}],"replies":[{"embeddable":true,"href":"https:\/\/www.motorrad-und-urlaub.at\/en\/wp-json\/wp\/v2\/comments?post=2293"}],"version-history":[{"count":2,"href":"https:\/\/www.motorrad-und-urlaub.at\/en\/wp-json\/wp\/v2\/pages\/2293\/revisions"}],"predecessor-version":[{"id":2295,"href":"https:\/\/www.motorrad-und-urlaub.at\/en\/wp-json\/wp\/v2\/pages\/2293\/revisions\/2295"}],"wp:attachment":[{"href":"https:\/\/www.motorrad-und-urlaub.at\/en\/wp-json\/wp\/v2\/media?parent=2293"}],"curies":[{"name":"wp","href":"https:\/\/api.w.org\/{rel}","templated":true}]}}